{"id":14,"date":"2017-10-17T11:03:26","date_gmt":"2017-10-17T11:03:26","guid":{"rendered":"https:\/\/tallerescampo.com\/web\/?page_id=14"},"modified":"2025-03-31T16:45:33","modified_gmt":"2025-03-31T16:45:33","slug":"noticias-deportivas","status":"publish","type":"page","link":"https:\/\/tallerescampo.com\/web\/?page_id=14","title":{"rendered":"Noticias Deportivas"},"content":{"rendered":"\t\t<div data-elementor-type=\"wp-page\" data-elementor-id=\"14\" class=\"elementor elementor-14\" data-elementor-post-type=\"page\">\n\t\t\t\t<div class=\"elementor-element elementor-element-80d58d9 e-flex e-con-boxed e-con e-parent\" data-id=\"80d58d9\" data-element_type=\"container\" data-e-type=\"container\">\n\t\t\t\t\t<div class=\"e-con-inner\">\n\t\t<div class=\"elementor-element elementor-element-5399453 e-con-full e-flex e-con e-child\" data-id=\"5399453\" data-element_type=\"container\" data-e-type=\"container\">\n\t\t\t\t<div class=\"elementor-element elementor-element-c47886f elementor-widget elementor-widget-wp-widget-rss\" data-id=\"c47886f\" data-element_type=\"widget\" data-e-type=\"widget\" data-widget_type=\"wp-widget-rss.default\">\n\t\t\t\t<div class=\"elementor-widget-container\">\n\t\t\t\t\t<h5><a class=\"rsswidget rss-widget-feed\" href=\"http:\/\/www.marca.com\/motor.html?cid=?intcmp=MENUPROD&#038;s_kw=motor\"><img decoding=\"async\" class=\"rss-widget-icon\" style=\"border:0\" width=\"14\" height=\"14\" src=\"https:\/\/tallerescampo.com\/web\/wp-includes\/images\/rss.png\" alt=\"RSS\" \/><\/a> <a class=\"rsswidget rss-widget-title\" href=\"https:\/\/www.marca.com\/\">MARCA<\/a><\/h5><nav aria-label=\"MARCA\"><ul><li><a class='rsswidget' href='https:\/\/www.marca.com\/futbol\/barcelona\/2026\/04\/25\/filtrada-nueva-piel-barca-diseno-rompe.html'>Filtrada la nueva piel del Bar\u00e7a: un dise\u00f1o que rompe con todo<\/a> <span class=\"rss-date\">abril 25, 2026<\/span> <cite>Miguel \u00c1ngel Rodr\u00edguez Cuesta<\/cite><\/li><li><a class='rsswidget' href='https:\/\/www.marca.com\/futbol\/real-madrid\/2026\/04\/25\/militao-k-mundial.html'>Militao, \u00a1alerta Mundial!<\/a> <span class=\"rss-date\">abril 25, 2026<\/span> <cite>Sergio Rodriguez<\/cite><\/li><li><a class='rsswidget' href='https:\/\/www.marca.com\/futbol\/sevilla\/2026\/04\/25\/atencion-reaccion-luis-garcia-plaza-preguntado-posible-destitucion-video.html'>Atenci\u00f3n a la reacci\u00f3n de Luis Garc\u00eda Plaza al ser preguntado por una posible destituci\u00f3n<\/a> <span class=\"rss-date\">abril 25, 2026<\/span> <cite>Ricardo Herrero<\/cite><\/li><li><a class='rsswidget' href='https:\/\/www.marca.com\/combates-ufc\/2026\/04\/25\/zalal-vs-sterling-ex-campeon-ufc-ex-rival-topuria.html'>Un ex campe\u00f3n de UFC contra un ex rival de Topuria<\/a> <span class=\"rss-date\">abril 25, 2026<\/span> <cite>Pedro De Pablos<\/cite><\/li><li><a class='rsswidget' href='https:\/\/www.marca.com\/tenis\/mutua-madrid-open\/2026\/04\/25\/jodar-mejor-big-three-alcaraz-sinner-primeros-25-partidos-profesional.html'>J\u00f3dar, mejor que el &#039;Big Three&#039;, Alcaraz y Sinner en sus primeros 25 partidos como profesional<\/a> <span class=\"rss-date\">abril 25, 2026<\/span> <cite>Joan Solsona<\/cite><\/li><li><a class='rsswidget' href='https:\/\/www.marca.com\/motor\/motogp\/gp-jerez\/2026\/04\/25\/quiles-pole-sobrado-moto3-delante-gran-david-munoz.html'>Quiles, pole sobrado delante de un gran David Mu\u00f1oz<\/a> <span class=\"rss-date\">abril 25, 2026<\/span> <cite>Jaime Mart\u00edn<\/cite><\/li><li><a class='rsswidget' href='https:\/\/www.marca.com\/futbol\/bundesliga\/2026\/04\/25\/imagen-insolita-bundesliga-tremendo-gesto-solidaridad-director-general-rb-leipzig-video.html'>La imagen m\u00e1s ins\u00f3lita de la Bundesliga: el tremendo gesto de solidaridad del director general del RB Leipzig<\/a> <span class=\"rss-date\">abril 25, 2026<\/span> <cite>Ricardo Herrero<\/cite><\/li><li><a class='rsswidget' href='https:\/\/www.marca.com\/atletismo\/2026\/04\/25\/armada-espanola-atletas-africanos-gran-fiesta-maraton-madrid.html'>La &#039;armada&#039; espa\u00f1ola contra los atletas africanos en la gran fiesta del marat\u00f3n de Madrid<\/a> <span class=\"rss-date\">abril 25, 2026<\/span> <cite>Andr\u00e9s Garc\u00eda<\/cite><\/li><li><a class='rsswidget' href='https:\/\/www.marca.com\/tenis\/mutua-madrid-open\/2026\/04\/25\/davidovich-regresa-triunfo-carreno-pasa-tercera-ronda.html'>Davidovich regresa con triunfo ante Carre\u00f1o y pasa a la tercera ronda<\/a> <span class=\"rss-date\">abril 25, 2026<\/span> <cite>Joan Solsona<\/cite><\/li><li><a class='rsswidget' href='https:\/\/www.marca.com\/futbol\/real-madrid\/2026\/04\/25\/abril-nefasto-hunde-madrid.html'>De la primavera al desierto<\/a> <span class=\"rss-date\">abril 25, 2026<\/span> <cite>Santiago Siguero<\/cite><\/li><li><a class='rsswidget' href='https:\/\/www.marca.com\/futbol\/primera-division\/2026\/04\/25\/01-0101-20260425-173-181.html'>\u00a1Se rompe Boy\u00e9 y entra Diabat\u00e9!<\/a> <span class=\"rss-date\">abril 25, 2026<\/span> <cite>Miguel 2 \u00c1ngel Garc\u00eda<\/cite><\/li><li><a class='rsswidget' href='https:\/\/www.marca.com\/natacion\/2026\/04\/25\/betlehem-conquista-ronda-k-corona-ibiza.html'>Betlehem conquista la ronda del K.O. y se corona en Ibiza<\/a> <span class=\"rss-date\">abril 25, 2026<\/span> <cite>Javier Mancebo<\/cite><\/li><li><a class='rsswidget' href='https:\/\/www.marca.com\/tiramillas\/musica\/2026\/04\/25\/alaska-posiciona-boicot-eurovision-me-da-igual-sean-me-parece-forma-exclusion.html'>Alaska contra el boicot a Eurovisi\u00f3n: &quot;Me parece una forma de exclusi\u00f3n&quot;<\/a> <span class=\"rss-date\">abril 25, 2026<\/span> <cite>Jorge Morag\u00f3n<\/cite><\/li><li><a class='rsswidget' href='https:\/\/www.marca.com\/tenis\/mutua-madrid-open\/2026\/04\/25\/asi-entrena-zizou-bergs-santiago-bernabeu-video.html'>Si eres tenista y te llamas Zizou, este es tu sue\u00f1o: el Bernab\u00e9u, para \u00e9l<\/a> <span class=\"rss-date\">abril 25, 2026<\/span> <cite>Ricardo Herrero<\/cite><\/li><li><a class='rsswidget' href='https:\/\/www.marca.com\/ciclismo\/2026\/04\/25\/skoda-titan-desert-morocco-2026-ciclismo-duro-atlas-sahara.html'>La Skoda Titan Desert Morocco 2026, el ciclismo m\u00e1s duro entre el Atlas y el Sahara<\/a> <span class=\"rss-date\">abril 25, 2026<\/span> <cite>Andr\u00e9s Garc\u00eda<\/cite><\/li><li><a class='rsswidget' href='https:\/\/www.marca.com\/golf\/2026\/04\/25\/otaegui-nuevo-lider-open-china.html'>Otaegui, nuevo l\u00edder en el Open de China<\/a> <span class=\"rss-date\">abril 25, 2026<\/span> <cite>Andr\u00e9s Garc\u00eda<\/cite><\/li><li><a class='rsswidget' href='https:\/\/www.marca.com\/motor\/motogp\/gp-jerez\/2026\/04\/25\/marc-marquez-pole-jerez-aprovechando-condiciones.html'>Marc M\u00e1rquez, pole en Jerez<\/a> <span class=\"rss-date\">abril 25, 2026<\/span> <cite>Jaime Mart\u00edn<\/cite><\/li><li><a class='rsswidget' href='https:\/\/www.marca.com\/baloncesto\/nba\/2026\/04\/25\/sergio-larrea-apunta-draft-2026.html'>Sergio de Larrea se apunta al Draft 2026<\/a> <span class=\"rss-date\">abril 25, 2026<\/span> <cite>Jorge Quiroga<\/cite><\/li><li><a class='rsswidget' href='https:\/\/www.marca.com\/deportes-aventura\/2026\/04\/25\/deshielo-deja-descubierto-cadaver-everest.html'>El deshielo deja al descubierto un cad\u00e1ver en el Everest<\/a> <span class=\"rss-date\">abril 25, 2026<\/span> <cite>Andr\u00e9s Garc\u00eda<\/cite><\/li><li><a class='rsswidget' href='https:\/\/www.marca.com\/futbol\/getafe\/2026\/04\/25\/impacto-ia-modelo-bordalas-5-0-hemos-pasado-0-89-puntos-partido-1-37.html'>El impulso de la IA al Getafe: un 53% m\u00e1s de puntos<\/a> <span class=\"rss-date\">abril 25, 2026<\/span> <cite>Emilio Contreras<\/cite><\/li><\/ul><\/nav>\t\t\t\t<\/div>\n\t\t\t\t<\/div>\n\t\t\t\t<\/div>\n\t\t\t\t\t<\/div>\n\t\t\t\t<\/div>\n\t\t<div class=\"elementor-element elementor-element-4a2bd93 e-flex e-con-boxed e-con e-parent\" data-id=\"4a2bd93\" data-element_type=\"container\" data-e-type=\"container\">\n\t\t\t\t\t<div class=\"e-con-inner\">\n\t\t<div class=\"elementor-element elementor-element-00d333e e-con-full e-flex e-con e-child\" data-id=\"00d333e\" data-element_type=\"container\" data-e-type=\"container\">\n\t\t\t\t<div class=\"elementor-element elementor-element-1842261 elementor-widget-divider--view-line elementor-widget elementor-widget-divider\" data-id=\"1842261\" data-element_type=\"widget\" data-e-type=\"widget\" data-widget_type=\"divider.default\">\n\t\t\t\t<div class=\"elementor-widget-container\">\n\t\t\t\t\t\t\t<div class=\"elementor-divider\">\n\t\t\t<span class=\"elementor-divider-separator\">\n\t\t\t\t\t\t<\/span>\n\t\t<\/div>\n\t\t\t\t\t\t<\/div>\n\t\t\t\t<\/div>\n\t\t\t\t<\/div>\n\t\t\t\t\t<\/div>\n\t\t\t\t<\/div>\n\t\t\t\t<\/div>\n\t\t","protected":false},"excerpt":{"rendered":"","protected":false},"author":1,"featured_media":0,"parent":0,"menu_order":0,"comment_status":"closed","ping_status":"closed","template":"","meta":{"footnotes":""},"class_list":["post-14","page","type-page","status-publish","hentry"],"_links":{"self":[{"href":"https:\/\/tallerescampo.com\/web\/index.php?rest_route=\/wp\/v2\/pages\/14","targetHints":{"allow":["GET"]}}],"collection":[{"href":"https:\/\/tallerescampo.com\/web\/index.php?rest_route=\/wp\/v2\/pages"}],"about":[{"href":"https:\/\/tallerescampo.com\/web\/index.php?rest_route=\/wp\/v2\/types\/page"}],"author":[{"embeddable":true,"href":"https:\/\/tallerescampo.com\/web\/index.php?rest_route=\/wp\/v2\/users\/1"}],"replies":[{"embeddable":true,"href":"https:\/\/tallerescampo.com\/web\/index.php?rest_route=%2Fwp%2Fv2%2Fcomments&post=14"}],"version-history":[{"count":6,"href":"https:\/\/tallerescampo.com\/web\/index.php?rest_route=\/wp\/v2\/pages\/14\/revisions"}],"predecessor-version":[{"id":252,"href":"https:\/\/tallerescampo.com\/web\/index.php?rest_route=\/wp\/v2\/pages\/14\/revisions\/252"}],"wp:attachment":[{"href":"https:\/\/tallerescampo.com\/web\/index.php?rest_route=%2Fwp%2Fv2%2Fmedia&parent=14"}],"curies":[{"name":"wp","href":"https:\/\/api.w.org\/{rel}","templated":true}]}}