{"id":12,"date":"2017-10-17T11:03:11","date_gmt":"2017-10-17T11:03:11","guid":{"rendered":"https:\/\/tallerescampo.com\/web\/?page_id=12"},"modified":"2025-03-31T16:48:10","modified_gmt":"2025-03-31T16:48:10","slug":"noticias-actualidad","status":"publish","type":"page","link":"https:\/\/tallerescampo.com\/web\/?page_id=12","title":{"rendered":"Noticias Actualidad"},"content":{"rendered":"\t\t<div data-elementor-type=\"wp-page\" data-elementor-id=\"12\" class=\"elementor elementor-12\" data-elementor-post-type=\"page\">\n\t\t\t\t<div class=\"elementor-element elementor-element-1d0d060 e-flex e-con-boxed e-con e-parent\" data-id=\"1d0d060\" data-element_type=\"container\" data-e-type=\"container\">\n\t\t\t\t\t<div class=\"e-con-inner\">\n\t\t<div class=\"elementor-element elementor-element-b82c242 e-con-full e-flex e-con e-child\" data-id=\"b82c242\" data-element_type=\"container\" data-e-type=\"container\">\n\t\t\t\t<div class=\"elementor-element elementor-element-a85ade6 elementor-widget elementor-widget-wp-widget-rss\" data-id=\"a85ade6\" data-element_type=\"widget\" data-e-type=\"widget\" data-widget_type=\"wp-widget-rss.default\">\n\t\t\t\t<div class=\"elementor-widget-container\">\n\t\t\t\t\t<h5><a class=\"rsswidget rss-widget-feed\" href=\"https:\/\/elpais.com\/info\/rss\/\"><img decoding=\"async\" class=\"rss-widget-icon\" style=\"border:0\" width=\"14\" height=\"14\" src=\"https:\/\/tallerescampo.com\/web\/wp-includes\/images\/rss.png\" alt=\"RSS\" \/><\/a> <a class=\"rsswidget rss-widget-title\" href=\"https:\/\/elpais.com\/\">EL PA\u00cdS<\/a><\/h5><nav aria-label=\"EL PA\u00cdS\"><ul><li><a class='rsswidget' href='https:\/\/elpais.com\/deportes\/motociclismo\/2026-04-25\/marc-marquez-baila-sobre-el-agua-en-jerez-para-conseguir-la-pole-en-el-gp-de-espana.html'>Marc M\u00e1rquez baila sobre el agua en Jerez para conseguir la \u2018pole\u2019 en el GP de Espa\u00f1a<\/a> <span class=\"rss-date\">abril 25, 2026<\/span> <cite>Guille  \u00c1lvarez<\/cite><\/li><li><a class='rsswidget' href='https:\/\/elpais.com\/deportes\/motociclismo\/2026-04-24\/gp-de-espana-de-motogp-moto2-y-moto3-horario-y-donde-ver-las-carreras.html'>GP de Espa\u00f1a de MotoGP, Moto2 y Moto3: horario y d\u00f3nde ver las carreras<\/a> <span class=\"rss-date\">abril 25, 2026<\/span> <cite>EL PA\u00cdS<\/cite><\/li><li><a class='rsswidget' href='https:\/\/elpais.com\/deportes\/motociclismo\/2026-04-24\/marc-marquez-afronta-sin-excusas-su-tercera-peor-sequia-en-motogp-desde-que-paso-lo-que-paso-he-tenido-que-ir-adaptandome.html'>Marc M\u00e1rquez afronta sin excusas su tercera peor sequ\u00eda en MotoGP: \u201cDesde que pas\u00f3 lo que pas\u00f3, he tenido que ir adapt\u00e1ndome\u201d<\/a> <span class=\"rss-date\">abril 24, 2026<\/span> <cite>Guille  \u00c1lvarez<\/cite><\/li><li><a class='rsswidget' href='https:\/\/elpais.com\/deportes\/motociclismo\/2026-04-24\/jorge-martin-he-aprendido-a-estar-muy-agradecido-por-encontrarme-sano-lo-damos-por-hecho-pero-es-un-privilegio.html'>Jorge Mart\u00edn: \u201cHe aprendido a estar muy agradecido por encontrarme sano. Lo damos por hecho, pero es un privilegio\u201d<\/a> <span class=\"rss-date\">abril 24, 2026<\/span> <cite>Guille  \u00c1lvarez<\/cite><\/li><li><a class='rsswidget' href='https:\/\/elpais.com\/deportes\/motociclismo\/2026-03-31\/los-secretos-de-aprilia-para-dominar-en-motogp-con-un-bezzecchi-en-estado-de-gracia-buenos-fichajes-horas-extra-y-la-innovacion-por-bandera.html'>Los secretos de Aprilia para dominar en MotoGP con un Bezzecchi en estado de gracia: buenos fichajes, horas extra y la innovaci\u00f3n por bandera<\/a> <span class=\"rss-date\">marzo 31, 2026<\/span> <cite>Guille  \u00c1lvarez<\/cite><\/li><li><a class='rsswidget' href='https:\/\/elpais.com\/deportes\/motociclismo\/2026-03-29\/gran-premio-de-estados-unidos-en-directo-la-carrera-de-motogp-en-vivo.html'>As\u00ed le hemos contado la victoria de Bezzecchi en el Gran Premio de Estados Unidos de MotoGP<\/a> <span class=\"rss-date\">marzo 29, 2026<\/span> <cite>EL PA\u00cdS<\/cite><\/li><li><a class='rsswidget' href='https:\/\/elpais.com\/deportes\/motociclismo\/2026-03-29\/marco-bezzecchi-se-impone-en-austin-y-es-el-nuevo-dominador-de-la-parrilla-de-motogp.html'>Marco Bezzecchi se impone en Austin y es el nuevo dominador de la parrilla de MotoGP<\/a> <span class=\"rss-date\">marzo 29, 2026<\/span> <cite>Guille  \u00c1lvarez<\/cite><\/li><li><a class='rsswidget' href='https:\/\/elpais.com\/deportes\/motociclismo\/2026-03-28\/la-guerra-contra-iran-se-hace-notar-en-motogp-logistica-mas-compleja-combustibles-mas-caros-y-un-aplazamiento-multiple-a-final-de-curso.html'>La guerra contra Ir\u00e1n se hace notar en MotoGP: log\u00edstica m\u00e1s compleja, combustibles m\u00e1s caros y un aplazamiento m\u00faltiple a final de curso<\/a> <span class=\"rss-date\">marzo 29, 2026<\/span> <cite>Guille  \u00c1lvarez<\/cite><\/li><li><a class='rsswidget' href='https:\/\/elpais.com\/deportes\/motociclismo\/2026-03-27\/gp-de-estados-unidos-de-motogp-horarios-resultados-y-donde-ver-las-carreras-en-las-americas.html'>GP de Estados Unidos de MotoGP: horarios, resultados y d\u00f3nde ver las carreras en Las Am\u00e9ricas en directo<\/a> <span class=\"rss-date\">marzo 29, 2026<\/span> <cite>EL PA\u00cdS<\/cite><\/li><li><a class='rsswidget' href='https:\/\/elpais.com\/deportes\/formula-1\/2026-03-26\/gp-de-japon-de-f1-horarios-resultados-y-donde-ver-las-carreras.html'>GP de Jap\u00f3n de F1: resultados y resumen de la carrera<\/a> <span class=\"rss-date\">marzo 29, 2026<\/span> <cite>EL PA\u00cdS<\/cite><\/li><li><a class='rsswidget' href='https:\/\/elpais.com\/deportes\/formula-1\/2026-03-29\/gran-premio-de-japon-en-directo-la-carrera-de-formula-1-en-vivo.html'>As\u00ed le hemos contado la victoria de Kimi Antonelli en el Gran Premio de Jap\u00f3n<\/a> <span class=\"rss-date\">marzo 29, 2026<\/span> <cite>EL PA\u00cdS<\/cite><\/li><li><a class='rsswidget' href='https:\/\/elpais.com\/deportes\/formula-1\/2026-03-29\/el-joven-kimi-antonelli-tiene-el-coche-y-la-suerte-para-imponerse-en-el-gran-premio-de-japon.html'>El joven Kimi Antonelli tiene el coche y la suerte para imponerse en el Gran Premio de Jap\u00f3n<\/a> <span class=\"rss-date\">marzo 29, 2026<\/span> <cite>Oriol Puigdemont<\/cite><\/li><li><a class='rsswidget' href='https:\/\/elpais.com\/deportes\/formula-1\/2026-03-27\/aston-martin-busca-estabilidad-mientras-crecen-las-tensiones-internas-y-las-dudas-sobre-su-unidad-de-potencia.html'>Aston Martin busca estabilidad mientras crecen las tensiones internas y las dudas sobre su unidad de potencia<\/a> <span class=\"rss-date\">marzo 29, 2026<\/span> <cite>Oriol Puigdemont<\/cite><\/li><li><a class='rsswidget' href='https:\/\/elpais.com\/deportes\/motociclismo\/2026-03-28\/jorge-martin-vuelve-a-lo-grande-en-austin-y-marquez-cae-en-el-primer-giro.html'>Jorge Mart\u00edn vuelve a lo grande en el GP de Estados Unidos el d\u00eda en que el sheriff Marc M\u00e1rquez la fastidia<\/a> <span class=\"rss-date\">marzo 28, 2026<\/span> <cite>Guille  \u00c1lvarez<\/cite><\/li><li><a class='rsswidget' href='https:\/\/elpais.com\/deportes\/formula-1\/2026-03-28\/la-fia-activa-la-operacion-rescate-en-la-formula-1-limita-el-tiempo-para-la-carga-de-bateria-en-aras-de-recuperar-algo-de-velocidad-en-las-rectas.html'>La FIA activa la \u2018operaci\u00f3n rescate\u2019 en la F\u00f3rmula 1: limita el tiempo para la carga de bater\u00eda en aras de recuperar algo de velocidad en las rectas<\/a> <span class=\"rss-date\">marzo 28, 2026<\/span> <cite>Oriol Puigdemont<\/cite><\/li><li><a class='rsswidget' href='https:\/\/elpais.com\/deportes\/motociclismo\/2026-03-26\/marc-marquez-y-ducati-miden-sus-fuerzas-en-austin.html'>Marc M\u00e1rquez y Ducati miden sus fuerzas en Austin<\/a> <span class=\"rss-date\">marzo 26, 2026<\/span> <cite>Guille  \u00c1lvarez<\/cite><\/li><li><a class='rsswidget' href='https:\/\/elpais.com\/deportes\/motociclismo\/2026-03-22\/bezzecchi-y-martin-ponen-a-aprilia-por-las-nubes-en-el-gp-de-brasil.html'>Bezzecchi y Mart\u00edn ponen a Aprilia por las nubes en el GP de Brasil<\/a> <span class=\"rss-date\">marzo 22, 2026<\/span> <cite>Guille  \u00c1lvarez<\/cite><\/li><li><a class='rsswidget' href='https:\/\/elpais.com\/deportes\/motociclismo\/2026-03-21\/marc-marquez-se-impone-en-la-sprint-del-gp-de-brasil.html'>Marc M\u00e1rquez se impone en la \u2018sprint\u2019 del GP de Brasil<\/a> <span class=\"rss-date\">marzo 22, 2026<\/span> <cite>Guille  \u00c1lvarez<\/cite><\/li><li><a class='rsswidget' href='https:\/\/elpais.com\/deportes\/motociclismo\/2026-03-20\/gp-de-brasil-de-motogp-horarios-resultados-y-donde-ver-las-carreras.html'>GP de Brasil de MotoGP: horarios, resultados y d\u00f3nde ver las carreras<\/a> <span class=\"rss-date\">marzo 22, 2026<\/span> <cite>EL PA\u00cdS<\/cite><\/li><li><a class='rsswidget' href='https:\/\/elpais.com\/deportes\/motociclismo\/2026-03-20\/las-tormentas-complican-la-vida-a-motogp-en-el-reencuentro-con-brasil.html'>Las tormentas complican la vida a MotoGP en el reencuentro con Brasil<\/a> <span class=\"rss-date\">marzo 21, 2026<\/span> <cite>Guille  \u00c1lvarez<\/cite><\/li><\/ul><\/nav>\t\t\t\t<\/div>\n\t\t\t\t<\/div>\n\t\t\t\t<\/div>\n\t\t\t\t\t<\/div>\n\t\t\t\t<\/div>\n\t\t<div class=\"elementor-element elementor-element-2815c3c e-flex e-con-boxed e-con e-parent\" data-id=\"2815c3c\" data-element_type=\"container\" data-e-type=\"container\">\n\t\t\t\t\t<div class=\"e-con-inner\">\n\t\t<div class=\"elementor-element elementor-element-567c3a9 e-con-full e-flex e-con e-child\" data-id=\"567c3a9\" data-element_type=\"container\" data-e-type=\"container\">\n\t\t\t\t<div class=\"elementor-element elementor-element-5a71ad7 elementor-widget-divider--view-line elementor-widget elementor-widget-divider\" data-id=\"5a71ad7\" data-element_type=\"widget\" data-e-type=\"widget\" data-widget_type=\"divider.default\">\n\t\t\t\t<div class=\"elementor-widget-container\">\n\t\t\t\t\t\t\t<div class=\"elementor-divider\">\n\t\t\t<span class=\"elementor-divider-separator\">\n\t\t\t\t\t\t<\/span>\n\t\t<\/div>\n\t\t\t\t\t\t<\/div>\n\t\t\t\t<\/div>\n\t\t\t\t<\/div>\n\t\t\t\t\t<\/div>\n\t\t\t\t<\/div>\n\t\t\t\t<\/div>\n\t\t","protected":false},"excerpt":{"rendered":"","protected":false},"author":1,"featured_media":0,"parent":0,"menu_order":0,"comment_status":"closed","ping_status":"closed","template":"","meta":{"footnotes":""},"class_list":["post-12","page","type-page","status-publish","hentry"],"_links":{"self":[{"href":"https:\/\/tallerescampo.com\/web\/index.php?rest_route=\/wp\/v2\/pages\/12","targetHints":{"allow":["GET"]}}],"collection":[{"href":"https:\/\/tallerescampo.com\/web\/index.php?rest_route=\/wp\/v2\/pages"}],"about":[{"href":"https:\/\/tallerescampo.com\/web\/index.php?rest_route=\/wp\/v2\/types\/page"}],"author":[{"embeddable":true,"href":"https:\/\/tallerescampo.com\/web\/index.php?rest_route=\/wp\/v2\/users\/1"}],"replies":[{"embeddable":true,"href":"https:\/\/tallerescampo.com\/web\/index.php?rest_route=%2Fwp%2Fv2%2Fcomments&post=12"}],"version-history":[{"count":13,"href":"https:\/\/tallerescampo.com\/web\/index.php?rest_route=\/wp\/v2\/pages\/12\/revisions"}],"predecessor-version":[{"id":261,"href":"https:\/\/tallerescampo.com\/web\/index.php?rest_route=\/wp\/v2\/pages\/12\/revisions\/261"}],"wp:attachment":[{"href":"https:\/\/tallerescampo.com\/web\/index.php?rest_route=%2Fwp%2Fv2%2Fmedia&parent=12"}],"curies":[{"name":"wp","href":"https:\/\/api.w.org\/{rel}","templated":true}]}}